{"id":114,"date":"2017-07-28T10:08:24","date_gmt":"2017-07-28T08:08:24","guid":{"rendered":"http:\/\/plumexpress.fr\/?page_id=114"},"modified":"2025-08-20T15:23:04","modified_gmt":"2025-08-20T13:23:04","slug":"avantages","status":"publish","type":"page","link":"http:\/\/plumexpress.fr\/?page_id=114","title":{"rendered":"Avantages secr\u00e9tariat"},"content":{"rendered":"<p>\u00a0<\/p>\n<p><img loading=\"lazy\" decoding=\"async\" class=\"size-medium wp-image-96 aligncenter\" src=\"http:\/\/plumexpress.fr\/wp-content\/uploads\/2017\/07\/teletravail4-300x217.jpg\" alt=\"\" width=\"300\" height=\"217\" srcset=\"http:\/\/plumexpress.fr\/wp-content\/uploads\/2017\/07\/teletravail4-300x217.jpg 300w, http:\/\/plumexpress.fr\/wp-content\/uploads\/2017\/07\/teletravail4-768x555.jpg 768w, http:\/\/plumexpress.fr\/wp-content\/uploads\/2017\/07\/teletravail4-1024x740.jpg 1024w, http:\/\/plumexpress.fr\/wp-content\/uploads\/2017\/07\/teletravail4.jpg 1920w\" sizes=\"auto, (max-width: 300px) 100vw, 300px\" \/><\/p>\n<p><strong><br \/>EFFICACITE<\/strong> : j&rsquo;ai un grand respect des d\u00e9tails et\u00a0 la <strong>confidentialit\u00e9<\/strong> a toujours \u00e9t\u00e9 une de mes priorit\u00e9s<\/p>\n<p><strong>RAPIDITE<\/strong> : je vous fournis un travail <strong>soign\u00e9, de qualit\u00e9<\/strong> et <b>dans les plus brefs d\u00e9lais<\/b><\/p>\n<p><strong>SOUPLESSE<\/strong> : flexibilit\u00e9, vous pouvez me contacter pour un<strong> travail ponctuel<\/strong> ou pour une <b>p\u00e9riode plus ou moins longue<\/b><\/p>\n<p><strong>SIMPLICITE<\/strong> : <strong>pas d&rsquo;engagement de dur\u00e9e<\/strong>, un simple devis suffit<\/p>\n<p><strong>GAIN DE TEMPS<\/strong> : vous vous consacrez \u00e0 votre m\u00e9tier <strong>et<\/strong>\u00a0 je m&rsquo;occupe de toutes vos t\u00e2ches administratives<\/p>\n<p><strong>GAIN FINANCIER<\/strong> : pas d&#8217;embauche,<strong> aucun contrat de travail<\/strong><\/p>\n\n\n<div class=\"wp-block-image\"><figure class=\"aligncenter size-large is-resized\"><img loading=\"lazy\" decoding=\"async\" src=\"http:\/\/plumexpress.fr\/wp-content\/uploads\/2021\/04\/IMG_8026.jpg\" alt=\"\" class=\"wp-image-327\" width=\"345\" height=\"231\" srcset=\"http:\/\/plumexpress.fr\/wp-content\/uploads\/2021\/04\/IMG_8026.jpg 844w, http:\/\/plumexpress.fr\/wp-content\/uploads\/2021\/04\/IMG_8026-300x201.jpg 300w, http:\/\/plumexpress.fr\/wp-content\/uploads\/2021\/04\/IMG_8026-768x514.jpg 768w\" sizes=\"auto, (max-width: 345px) 100vw, 345px\" \/><\/figure><\/div>\n","protected":false},"excerpt":{"rendered":"<p>\u00a0 EFFICACITE : j&rsquo;ai un grand respect des d\u00e9tails et\u00a0 la confidentialit\u00e9 a toujours \u00e9t\u00e9 une de mes priorit\u00e9s RAPIDITE : je vous fournis un travail soign\u00e9, de qualit\u00e9 et dans les plus brefs d\u00e9lais SOUPLESSE : flexibilit\u00e9, vous pouvez me contacter pour un travail ponctuel ou pour une p\u00e9riode plus ou moins longue SIMPLICITE &hellip; <\/p>\n<p class=\"link-more\"><a href=\"http:\/\/plumexpress.fr\/?page_id=114\" class=\"more-link\">Continuer la lecture<span class=\"screen-reader-text\"> de &laquo;&nbsp;Avantages secr\u00e9tariat&nbsp;&raquo;<\/span><\/a><\/p>\n","protected":false},"author":1,"featured_media":0,"parent":0,"menu_order":0,"comment_status":"closed","ping_status":"closed","template":"","meta":{"footnotes":""},"class_list":["post-114","page","type-page","status-publish","hentry"],"_links":{"self":[{"href":"http:\/\/plumexpress.fr\/index.php?rest_route=\/wp\/v2\/pages\/114","targetHints":{"allow":["GET"]}}],"collection":[{"href":"http:\/\/plumexpress.fr\/index.php?rest_route=\/wp\/v2\/pages"}],"about":[{"href":"http:\/\/plumexpress.fr\/index.php?rest_route=\/wp\/v2\/types\/page"}],"author":[{"embeddable":true,"href":"http:\/\/plumexpress.fr\/index.php?rest_route=\/wp\/v2\/users\/1"}],"replies":[{"embeddable":true,"href":"http:\/\/plumexpress.fr\/index.php?rest_route=%2Fwp%2Fv2%2Fcomments&post=114"}],"version-history":[{"count":7,"href":"http:\/\/plumexpress.fr\/index.php?rest_route=\/wp\/v2\/pages\/114\/revisions"}],"predecessor-version":[{"id":452,"href":"http:\/\/plumexpress.fr\/index.php?rest_route=\/wp\/v2\/pages\/114\/revisions\/452"}],"wp:attachment":[{"href":"http:\/\/plumexpress.fr\/index.php?rest_route=%2Fwp%2Fv2%2Fmedia&parent=114"}],"curies":[{"name":"wp","href":"https:\/\/api.w.org\/{rel}","templated":true}]}}