{"id":44,"date":"2017-07-26T14:55:08","date_gmt":"2017-07-26T12:55:08","guid":{"rendered":"http:\/\/plumexpress.fr\/?page_id=44"},"modified":"2025-08-20T15:22:50","modified_gmt":"2025-08-20T13:22:50","slug":"prestations-2","status":"publish","type":"page","link":"http:\/\/plumexpress.fr\/?page_id=44","title":{"rendered":"Prestations secr\u00e9tariat"},"content":{"rendered":"<ul>\n<li>Retranscription de documents administratifs manuscrits et notamment <strong>juridiques<\/strong>\u00a0<\/li>\n<li>Saisie sous dict\u00e9e num\u00e9rique de fichiers audio :\u00a0<strong>saisie d\u2019assignations, conclusions, requ\u00eates&#8230;<\/strong><\/li>\n<li>Elaboration de courriers simples et complexes<\/li>\n<li>Relecture et correction de documents (courriers, conclusions, m\u00e9moires&#8230;.)<img loading=\"lazy\" decoding=\"async\" class=\"alignright  wp-image-360\" src=\"http:\/\/plumexpress.fr\/wp-content\/uploads\/2021\/05\/th.jpg\" alt=\"\" width=\"291\" height=\"291\" srcset=\"http:\/\/plumexpress.fr\/wp-content\/uploads\/2021\/05\/th.jpg 120w, http:\/\/plumexpress.fr\/wp-content\/uploads\/2021\/05\/th-100x100.jpg 100w\" sizes=\"auto, (max-width: 291px) 100vw, 291px\" \/><\/li>\n<li>Mise en page de documents<\/li>\n<li>Envoi de courriers, lettres de rappel, actes, d\u00e9cisions et \u00a0mails<\/li>\n<li>Mise sous pli + affranchissement<\/li>\n<li>Suivi de courriers et\u00a0 mails<\/li>\n<li>Gestion des agendas, rappels aux clients<\/li>\n<li>Num\u00e9risation de documents<\/li>\n<li>Recherches sur INTERNET<\/li>\n<li>ouverture de dossiers\u00a0<\/li>\n<li>Classement de courriers<\/li>\n<li>Archivage de dossiers<\/li>\n<li>Elaboration de CV, de lettres de motivation, de cartes de visite, de d\u00e9pliants, plaquettes<\/li>\n<li>Relecture de discours, de m\u00e9moires<\/li>\n<\/ul>\n\n\n<p><\/p>\n","protected":false},"excerpt":{"rendered":"<p>Retranscription de documents administratifs manuscrits et notamment juridiques\u00a0 Saisie sous dict\u00e9e num\u00e9rique de fichiers audio :\u00a0saisie d\u2019assignations, conclusions, requ\u00eates&#8230; Elaboration de courriers simples et complexes Relecture et correction de documents (courriers, conclusions, m\u00e9moires&#8230;.) Mise en page de documents Envoi de courriers, lettres de rappel, actes, d\u00e9cisions et \u00a0mails Mise sous pli + affranchissement Suivi de &hellip; <\/p>\n<p class=\"link-more\"><a href=\"http:\/\/plumexpress.fr\/?page_id=44\" class=\"more-link\">Continuer la lecture<span class=\"screen-reader-text\"> de &laquo;&nbsp;Prestations secr\u00e9tariat&nbsp;&raquo;<\/span><\/a><\/p>\n","protected":false},"author":1,"featured_media":0,"parent":0,"menu_order":0,"comment_status":"closed","ping_status":"closed","template":"","meta":{"footnotes":""},"class_list":["post-44","page","type-page","status-publish","hentry"],"_links":{"self":[{"href":"http:\/\/plumexpress.fr\/index.php?rest_route=\/wp\/v2\/pages\/44","targetHints":{"allow":["GET"]}}],"collection":[{"href":"http:\/\/plumexpress.fr\/index.php?rest_route=\/wp\/v2\/pages"}],"about":[{"href":"http:\/\/plumexpress.fr\/index.php?rest_route=\/wp\/v2\/types\/page"}],"author":[{"embeddable":true,"href":"http:\/\/plumexpress.fr\/index.php?rest_route=\/wp\/v2\/users\/1"}],"replies":[{"embeddable":true,"href":"http:\/\/plumexpress.fr\/index.php?rest_route=%2Fwp%2Fv2%2Fcomments&post=44"}],"version-history":[{"count":18,"href":"http:\/\/plumexpress.fr\/index.php?rest_route=\/wp\/v2\/pages\/44\/revisions"}],"predecessor-version":[{"id":451,"href":"http:\/\/plumexpress.fr\/index.php?rest_route=\/wp\/v2\/pages\/44\/revisions\/451"}],"wp:attachment":[{"href":"http:\/\/plumexpress.fr\/index.php?rest_route=%2Fwp%2Fv2%2Fmedia&parent=44"}],"curies":[{"name":"wp","href":"https:\/\/api.w.org\/{rel}","templated":true}]}}